{"id":30966,"date":"2024-11-11T16:00:06","date_gmt":"2024-11-11T16:00:06","guid":{"rendered":"https:\/\/inmo-gusto.com\/blog\/"},"modified":"2024-11-25T14:38:05","modified_gmt":"2024-11-25T14:38:05","slug":"blog","status":"publish","type":"page","link":"https:\/\/inmo-gusto.com\/es\/blog\/","title":{"rendered":"Blog"},"content":{"rendered":"\t\t<div data-elementor-type=\"wp-page\" data-elementor-id=\"30966\" class=\"elementor elementor-30966 elementor-24696\" data-elementor-post-type=\"page\">\n\t\t\t\t\t\t<section class=\"elementor-section elementor-top-section elementor-element elementor-element-414a78d animated-slow elementor-section-content-middle elementor-section-full_width elementor-section-stretched elementor-section-height-default elementor-section-height-default elementor-invisible\" data-id=\"414a78d\" data-element_type=\"section\" data-settings=\"{&quot;background_background&quot;:&quot;classic&quot;,&quot;animation&quot;:&quot;fadeIn&quot;,&quot;stretch_section&quot;:&quot;section-stretched&quot;}\">\n\t\t\t\t\t\t\t<div class=\"elementor-background-overlay\"><\/div>\n\t\t\t\t\t\t\t<div class=\"elementor-container elementor-column-gap-no\">\n\t\t\t\t\t<div class=\"elementor-column elementor-col-100 elementor-top-column elementor-element elementor-element-2e213d2\" data-id=\"2e213d2\" data-element_type=\"column\" data-settings=\"{&quot;background_background&quot;:&quot;classic&quot;}\">\n\t\t\t<div class=\"elementor-widget-wrap elementor-element-populated\">\n\t\t\t\t\t\t<div class=\"elementor-element elementor-element-847905d elementor-widget-divider--separator-type-pattern elementor-widget-divider--view-line elementor-widget elementor-widget-divider\" data-id=\"847905d\" data-element_type=\"widget\" data-widget_type=\"divider.default\">\n\t\t\t\t<div class=\"elementor-widget-container\">\n\t\t\t\t\t<div class=\"elementor-divider\" style=\"--divider-pattern-url: url(&quot;data:image\/svg+xml,%3Csvg xmlns=&#039;http:\/\/www.w3.org\/2000\/svg&#039; preserveAspectRatio=&#039;none&#039; overflow=&#039;visible&#039; height=&#039;100%&#039; viewBox=&#039;0 0 24 24&#039; fill=&#039;none&#039; stroke=&#039;black&#039; stroke-width=&#039;3.7&#039; stroke-linecap=&#039;square&#039; stroke-miterlimit=&#039;10&#039;%3E%3Cpolyline points=&#039;0,6 6,6 6,18 18,18 18,6 24,6 \t&#039;\/%3E%3C\/svg%3E&quot;);\">\n\t\t\t<span class=\"elementor-divider-separator\">\n\t\t\t\t\t\t<\/span>\n\t\t<\/div>\n\t\t\t\t<\/div>\n\t\t\t\t<\/div>\n\t\t\t\t<div class=\"elementor-element elementor-element-54a855f elementor-widget elementor-widget-heading\" data-id=\"54a855f\" data-element_type=\"widget\" data-widget_type=\"heading.default\">\n\t\t\t\t<div class=\"elementor-widget-container\">\n\t\t\t<h2 class=\"elementor-heading-title elementor-size-default\">Blog Inmo Gusto<\/h2>\t\t<\/div>\n\t\t\t\t<\/div>\n\t\t\t\t\t<\/div>\n\t\t<\/div>\n\t\t\t\t\t<\/div>\n\t\t<\/section>\n\t\t\t\t<\/div>\n\t\t","protected":false},"excerpt":{"rendered":"<p>Blog Inmo Gusto<\/p>\n","protected":false},"author":2,"featured_media":0,"parent":0,"menu_order":0,"comment_status":"closed","ping_status":"closed","template":"blog_list.php","meta":{"footnotes":""},"class_list":["post-30966","page","type-page","status-publish","hentry"],"yoast_head":"<!-- This site is optimized with the Yoast SEO plugin v24.3 - https:\/\/yoast.com\/wordpress\/plugins\/seo\/ -->\n<title>Blog d&#039;Inmo Gusto - Asesoramiento inmobiliario en la Costa Blanca<\/title>\n<meta name=\"description\" content=\"Mantente al d\u00eda de las \u00faltimas noticias inmobiliarias en la Costa Blanca con el blog de Inmo Gusto. Consejos, tendencias e informaci\u00f3n para guiarte en tu proyecto inmobiliario en Espa\u00f1a.\" \/>\n<meta name=\"robots\" content=\"index, follow, max-snippet:-1, max-image-preview:large, max-video-preview:-1\" \/>\n<link rel=\"canonical\" href=\"https:\/\/inmo-gusto.com\/es\/blog\/\" \/>\n<meta property=\"og:locale\" content=\"es_ES\" \/>\n<meta property=\"og:type\" content=\"article\" \/>\n<meta property=\"og:title\" content=\"Blog d&#039;Inmo Gusto - Asesoramiento inmobiliario en la Costa Blanca\" \/>\n<meta property=\"og:description\" content=\"Mantente al d\u00eda de las \u00faltimas noticias inmobiliarias en la Costa Blanca con el blog de Inmo Gusto. Consejos, tendencias e informaci\u00f3n para guiarte en tu proyecto inmobiliario en Espa\u00f1a.\" \/>\n<meta property=\"og:url\" content=\"https:\/\/inmo-gusto.com\/es\/blog\/\" \/>\n<meta property=\"og:site_name\" content=\"Inmo Gusto\" \/>\n<meta property=\"article:modified_time\" content=\"2024-11-25T14:38:05+00:00\" \/>\n<meta name=\"twitter:card\" content=\"summary_large_image\" \/>\n<script type=\"application\/ld+json\" class=\"yoast-schema-graph\">{\"@context\":\"https:\/\/schema.org\",\"@graph\":[{\"@type\":\"WebPage\",\"@id\":\"https:\/\/inmo-gusto.com\/es\/blog\/\",\"url\":\"https:\/\/inmo-gusto.com\/es\/blog\/\",\"name\":\"Blog d'Inmo Gusto - Asesoramiento inmobiliario en la Costa Blanca\",\"isPartOf\":{\"@id\":\"https:\/\/inmo-gusto.com\/es\/#website\"},\"datePublished\":\"2024-11-11T16:00:06+00:00\",\"dateModified\":\"2024-11-25T14:38:05+00:00\",\"description\":\"Mantente al d\u00eda de las \u00faltimas noticias inmobiliarias en la Costa Blanca con el blog de Inmo Gusto. Consejos, tendencias e informaci\u00f3n para guiarte en tu proyecto inmobiliario en Espa\u00f1a.\",\"breadcrumb\":{\"@id\":\"https:\/\/inmo-gusto.com\/es\/blog\/#breadcrumb\"},\"inLanguage\":\"es\",\"potentialAction\":[{\"@type\":\"ReadAction\",\"target\":[\"https:\/\/inmo-gusto.com\/es\/blog\/\"]}]},{\"@type\":\"BreadcrumbList\",\"@id\":\"https:\/\/inmo-gusto.com\/es\/blog\/#breadcrumb\",\"itemListElement\":[{\"@type\":\"ListItem\",\"position\":1,\"name\":\"Home\",\"item\":\"https:\/\/inmo-gusto.com\/es\/inicio\/\"},{\"@type\":\"ListItem\",\"position\":2,\"name\":\"Blog\"}]},{\"@type\":\"WebSite\",\"@id\":\"https:\/\/inmo-gusto.com\/es\/#website\",\"url\":\"https:\/\/inmo-gusto.com\/es\/\",\"name\":\"Inmo Gusto\",\"description\":\"\",\"potentialAction\":[{\"@type\":\"SearchAction\",\"target\":{\"@type\":\"EntryPoint\",\"urlTemplate\":\"https:\/\/inmo-gusto.com\/es\/?s={search_term_string}\"},\"query-input\":{\"@type\":\"PropertyValueSpecification\",\"valueRequired\":true,\"valueName\":\"search_term_string\"}}],\"inLanguage\":\"es\"}]}<\/script>\n<!-- \/ Yoast SEO plugin. -->","yoast_head_json":{"title":"Blog d'Inmo Gusto - Asesoramiento inmobiliario en la Costa Blanca","description":"Mantente al d\u00eda de las \u00faltimas noticias inmobiliarias en la Costa Blanca con el blog de Inmo Gusto. Consejos, tendencias e informaci\u00f3n para guiarte en tu proyecto inmobiliario en Espa\u00f1a.","robots":{"index":"index","follow":"follow","max-snippet":"max-snippet:-1","max-image-preview":"max-image-preview:large","max-video-preview":"max-video-preview:-1"},"canonical":"https:\/\/inmo-gusto.com\/es\/blog\/","og_locale":"es_ES","og_type":"article","og_title":"Blog d'Inmo Gusto - Asesoramiento inmobiliario en la Costa Blanca","og_description":"Mantente al d\u00eda de las \u00faltimas noticias inmobiliarias en la Costa Blanca con el blog de Inmo Gusto. Consejos, tendencias e informaci\u00f3n para guiarte en tu proyecto inmobiliario en Espa\u00f1a.","og_url":"https:\/\/inmo-gusto.com\/es\/blog\/","og_site_name":"Inmo Gusto","article_modified_time":"2024-11-25T14:38:05+00:00","twitter_card":"summary_large_image","schema":{"@context":"https:\/\/schema.org","@graph":[{"@type":"WebPage","@id":"https:\/\/inmo-gusto.com\/es\/blog\/","url":"https:\/\/inmo-gusto.com\/es\/blog\/","name":"Blog d'Inmo Gusto - Asesoramiento inmobiliario en la Costa Blanca","isPartOf":{"@id":"https:\/\/inmo-gusto.com\/es\/#website"},"datePublished":"2024-11-11T16:00:06+00:00","dateModified":"2024-11-25T14:38:05+00:00","description":"Mantente al d\u00eda de las \u00faltimas noticias inmobiliarias en la Costa Blanca con el blog de Inmo Gusto. Consejos, tendencias e informaci\u00f3n para guiarte en tu proyecto inmobiliario en Espa\u00f1a.","breadcrumb":{"@id":"https:\/\/inmo-gusto.com\/es\/blog\/#breadcrumb"},"inLanguage":"es","potentialAction":[{"@type":"ReadAction","target":["https:\/\/inmo-gusto.com\/es\/blog\/"]}]},{"@type":"BreadcrumbList","@id":"https:\/\/inmo-gusto.com\/es\/blog\/#breadcrumb","itemListElement":[{"@type":"ListItem","position":1,"name":"Home","item":"https:\/\/inmo-gusto.com\/es\/inicio\/"},{"@type":"ListItem","position":2,"name":"Blog"}]},{"@type":"WebSite","@id":"https:\/\/inmo-gusto.com\/es\/#website","url":"https:\/\/inmo-gusto.com\/es\/","name":"Inmo Gusto","description":"","potentialAction":[{"@type":"SearchAction","target":{"@type":"EntryPoint","urlTemplate":"https:\/\/inmo-gusto.com\/es\/?s={search_term_string}"},"query-input":{"@type":"PropertyValueSpecification","valueRequired":true,"valueName":"search_term_string"}}],"inLanguage":"es"}]}},"_links":{"self":[{"href":"https:\/\/inmo-gusto.com\/es\/wp-json\/wp\/v2\/pages\/30966","targetHints":{"allow":["GET"]}}],"collection":[{"href":"https:\/\/inmo-gusto.com\/es\/wp-json\/wp\/v2\/pages"}],"about":[{"href":"https:\/\/inmo-gusto.com\/es\/wp-json\/wp\/v2\/types\/page"}],"author":[{"embeddable":true,"href":"https:\/\/inmo-gusto.com\/es\/wp-json\/wp\/v2\/users\/2"}],"replies":[{"embeddable":true,"href":"https:\/\/inmo-gusto.com\/es\/wp-json\/wp\/v2\/comments?post=30966"}],"version-history":[{"count":1,"href":"https:\/\/inmo-gusto.com\/es\/wp-json\/wp\/v2\/pages\/30966\/revisions"}],"predecessor-version":[{"id":30969,"href":"https:\/\/inmo-gusto.com\/es\/wp-json\/wp\/v2\/pages\/30966\/revisions\/30969"}],"wp:attachment":[{"href":"https:\/\/inmo-gusto.com\/es\/wp-json\/wp\/v2\/media?parent=30966"}],"curies":[{"name":"wp","href":"https:\/\/api.w.org\/{rel}","templated":true}]}}