{"id":30827,"date":"2016-02-29T14:42:27","date_gmt":"2016-02-29T14:42:27","guid":{"rendered":"https:\/\/inmo-gusto.com\/se-vende\/"},"modified":"2024-12-16T09:16:34","modified_gmt":"2024-12-16T09:16:34","slug":"se-vende","status":"publish","type":"page","link":"https:\/\/inmo-gusto.com\/es\/se-vende\/","title":{"rendered":"Se vende"},"content":{"rendered":"\n<p>Bienvenido a nuestra p\u00e1gina dedicada a las propiedades en venta en la magn\u00edfica Costa Blanca. En Inmo Gusto te ofrecemos una exclusiva selecci\u00f3n de propiedades que se adaptan a todo tipo de proyectos: chalets de lujo, pisos modernos, casas tradicionales o de nueva construcci\u00f3n. Nuestro equipo de expertos locales te acompa\u00f1ar\u00e1 en cada paso para hacer realidad tu sue\u00f1o en Espa\u00f1a. Explora nuestros listados y encuentra la casa o piso perfecto para ti. Ponte en contacto con nosotros hoy mismo para iniciar tu aventura inmobiliaria en la Costa Blanca.   <\/p>\n","protected":false},"excerpt":{"rendered":"<p>Bienvenido a nuestra p\u00e1gina dedicada a las propiedades en venta en la magn\u00edfica Costa Blanca. En Inmo Gusto te ofrecemos una exclusiva selecci\u00f3n de propiedades que se adaptan a todo tipo de proyectos: chalets de lujo, pisos modernos, casas tradicionales o de nueva construcci\u00f3n. Nuestro equipo de expertos locales te acompa\u00f1ar\u00e1 en cada paso para hacer realidad tu sue\u00f1o en Espa\u00f1a. Explora nuestros listados &#8230;<\/p>\n","protected":false},"author":2,"featured_media":0,"parent":0,"menu_order":0,"comment_status":"closed","ping_status":"closed","template":"property_list.php","meta":{"footnotes":""},"class_list":["post-30827","page","type-page","status-publish","hentry"],"yoast_head":"<!-- This site is optimized with the Yoast SEO plugin v24.3 - https:\/\/yoast.com\/wordpress\/plugins\/seo\/ -->\n<title>Propiedades en venta en la Costa Blanca - Encuentre su ideal<\/title>\n<meta name=\"description\" content=\"Consulta nuestros listados de viviendas en venta en la Costa Blanca. Inmo Gusto te ayuda a encontrar la casa o piso perfecto para tu proyecto en Espa\u00f1a.\" \/>\n<meta name=\"robots\" content=\"index, follow, max-snippet:-1, max-image-preview:large, max-video-preview:-1\" \/>\n<link rel=\"canonical\" href=\"https:\/\/inmo-gusto.com\/es\/se-vende\/\" \/>\n<meta property=\"og:locale\" content=\"es_ES\" \/>\n<meta property=\"og:type\" content=\"article\" \/>\n<meta property=\"og:title\" content=\"Propiedades en venta en la Costa Blanca - Encuentre su ideal\" \/>\n<meta property=\"og:description\" content=\"Consulta nuestros listados de viviendas en venta en la Costa Blanca. Inmo Gusto te ayuda a encontrar la casa o piso perfecto para tu proyecto en Espa\u00f1a.\" \/>\n<meta property=\"og:url\" content=\"https:\/\/inmo-gusto.com\/es\/se-vende\/\" \/>\n<meta property=\"og:site_name\" content=\"Inmo Gusto\" \/>\n<meta property=\"article:modified_time\" content=\"2024-12-16T09:16:34+00:00\" \/>\n<meta name=\"twitter:card\" content=\"summary_large_image\" \/>\n<script type=\"application\/ld+json\" class=\"yoast-schema-graph\">{\"@context\":\"https:\/\/schema.org\",\"@graph\":[{\"@type\":\"WebPage\",\"@id\":\"https:\/\/inmo-gusto.com\/es\/se-vende\/\",\"url\":\"https:\/\/inmo-gusto.com\/es\/se-vende\/\",\"name\":\"Propiedades en venta en la Costa Blanca - Encuentre su ideal\",\"isPartOf\":{\"@id\":\"https:\/\/inmo-gusto.com\/es\/#website\"},\"datePublished\":\"2016-02-29T14:42:27+00:00\",\"dateModified\":\"2024-12-16T09:16:34+00:00\",\"description\":\"Consulta nuestros listados de viviendas en venta en la Costa Blanca. Inmo Gusto te ayuda a encontrar la casa o piso perfecto para tu proyecto en Espa\u00f1a.\",\"breadcrumb\":{\"@id\":\"https:\/\/inmo-gusto.com\/es\/se-vende\/#breadcrumb\"},\"inLanguage\":\"es\",\"potentialAction\":[{\"@type\":\"ReadAction\",\"target\":[\"https:\/\/inmo-gusto.com\/es\/se-vende\/\"]}]},{\"@type\":\"BreadcrumbList\",\"@id\":\"https:\/\/inmo-gusto.com\/es\/se-vende\/#breadcrumb\",\"itemListElement\":[{\"@type\":\"ListItem\",\"position\":1,\"name\":\"Home\",\"item\":\"https:\/\/inmo-gusto.com\/es\/inicio\/\"},{\"@type\":\"ListItem\",\"position\":2,\"name\":\"Se vende\"}]},{\"@type\":\"WebSite\",\"@id\":\"https:\/\/inmo-gusto.com\/es\/#website\",\"url\":\"https:\/\/inmo-gusto.com\/es\/\",\"name\":\"Inmo Gusto\",\"description\":\"\",\"potentialAction\":[{\"@type\":\"SearchAction\",\"target\":{\"@type\":\"EntryPoint\",\"urlTemplate\":\"https:\/\/inmo-gusto.com\/es\/?s={search_term_string}\"},\"query-input\":{\"@type\":\"PropertyValueSpecification\",\"valueRequired\":true,\"valueName\":\"search_term_string\"}}],\"inLanguage\":\"es\"}]}<\/script>\n<!-- \/ Yoast SEO plugin. -->","yoast_head_json":{"title":"Propiedades en venta en la Costa Blanca - Encuentre su ideal","description":"Consulta nuestros listados de viviendas en venta en la Costa Blanca. Inmo Gusto te ayuda a encontrar la casa o piso perfecto para tu proyecto en Espa\u00f1a.","robots":{"index":"index","follow":"follow","max-snippet":"max-snippet:-1","max-image-preview":"max-image-preview:large","max-video-preview":"max-video-preview:-1"},"canonical":"https:\/\/inmo-gusto.com\/es\/se-vende\/","og_locale":"es_ES","og_type":"article","og_title":"Propiedades en venta en la Costa Blanca - Encuentre su ideal","og_description":"Consulta nuestros listados de viviendas en venta en la Costa Blanca. Inmo Gusto te ayuda a encontrar la casa o piso perfecto para tu proyecto en Espa\u00f1a.","og_url":"https:\/\/inmo-gusto.com\/es\/se-vende\/","og_site_name":"Inmo Gusto","article_modified_time":"2024-12-16T09:16:34+00:00","twitter_card":"summary_large_image","schema":{"@context":"https:\/\/schema.org","@graph":[{"@type":"WebPage","@id":"https:\/\/inmo-gusto.com\/es\/se-vende\/","url":"https:\/\/inmo-gusto.com\/es\/se-vende\/","name":"Propiedades en venta en la Costa Blanca - Encuentre su ideal","isPartOf":{"@id":"https:\/\/inmo-gusto.com\/es\/#website"},"datePublished":"2016-02-29T14:42:27+00:00","dateModified":"2024-12-16T09:16:34+00:00","description":"Consulta nuestros listados de viviendas en venta en la Costa Blanca. Inmo Gusto te ayuda a encontrar la casa o piso perfecto para tu proyecto en Espa\u00f1a.","breadcrumb":{"@id":"https:\/\/inmo-gusto.com\/es\/se-vende\/#breadcrumb"},"inLanguage":"es","potentialAction":[{"@type":"ReadAction","target":["https:\/\/inmo-gusto.com\/es\/se-vende\/"]}]},{"@type":"BreadcrumbList","@id":"https:\/\/inmo-gusto.com\/es\/se-vende\/#breadcrumb","itemListElement":[{"@type":"ListItem","position":1,"name":"Home","item":"https:\/\/inmo-gusto.com\/es\/inicio\/"},{"@type":"ListItem","position":2,"name":"Se vende"}]},{"@type":"WebSite","@id":"https:\/\/inmo-gusto.com\/es\/#website","url":"https:\/\/inmo-gusto.com\/es\/","name":"Inmo Gusto","description":"","potentialAction":[{"@type":"SearchAction","target":{"@type":"EntryPoint","urlTemplate":"https:\/\/inmo-gusto.com\/es\/?s={search_term_string}"},"query-input":{"@type":"PropertyValueSpecification","valueRequired":true,"valueName":"search_term_string"}}],"inLanguage":"es"}]}},"_links":{"self":[{"href":"https:\/\/inmo-gusto.com\/es\/wp-json\/wp\/v2\/pages\/30827","targetHints":{"allow":["GET"]}}],"collection":[{"href":"https:\/\/inmo-gusto.com\/es\/wp-json\/wp\/v2\/pages"}],"about":[{"href":"https:\/\/inmo-gusto.com\/es\/wp-json\/wp\/v2\/types\/page"}],"author":[{"embeddable":true,"href":"https:\/\/inmo-gusto.com\/es\/wp-json\/wp\/v2\/users\/2"}],"replies":[{"embeddable":true,"href":"https:\/\/inmo-gusto.com\/es\/wp-json\/wp\/v2\/comments?post=30827"}],"version-history":[{"count":4,"href":"https:\/\/inmo-gusto.com\/es\/wp-json\/wp\/v2\/pages\/30827\/revisions"}],"predecessor-version":[{"id":32747,"href":"https:\/\/inmo-gusto.com\/es\/wp-json\/wp\/v2\/pages\/30827\/revisions\/32747"}],"wp:attachment":[{"href":"https:\/\/inmo-gusto.com\/es\/wp-json\/wp\/v2\/media?parent=30827"}],"curies":[{"name":"wp","href":"https:\/\/api.w.org\/{rel}","templated":true}]}}